{"id":8,"date":"2020-11-18T01:32:41","date_gmt":"2020-11-18T01:32:41","guid":{"rendered":"http:\/\/gogogoyou.com.br\/?page_id=8"},"modified":"2020-11-17T23:29:36","modified_gmt":"2020-11-18T02:29:36","slug":"contact","status":"publish","type":"page","link":"https:\/\/gogogoyou.com.br\/?page_id=8","title":{"rendered":"Contato"},"content":{"rendered":"\n<p class=\"has-text-align-center\">O jeito mais f\u00e1cil de se comunicar com a gente \u00e9 pelo Insta galera.<br>Abaixo tem todas as infos que voc\u00ea precisa!<br>Para de procrastinar e Go Go Go!<\/p>\n\n\n\n<div class=\"wp-container-2 wp-block-group alignwide has-background\" style=\"background-color:#ffffff\"><div class=\"wp-block-group__inner-container\">\n<div class=\"wp-container-1 wp-block-group\"><div class=\"wp-block-group__inner-container\">\n<h2 class=\"has-text-align-center\"><span class=\"has-inline-color has-accent-color\">Use seu celular para alcan\u00e7ar seu objetivos<\/span><\/h2>\n\n\n\n<p class=\"has-text-align-center\"><span class=\"has-inline-color has-secondary-color\">Um aplicativo gr\u00e1tis que vai continuar assim pra sempre!<\/span><\/p>\n\n\n\n<div class=\"wp-block-button aligncenter\"><a class=\"wp-block-button__link\" href=\"https:\/\/make.wordpress.org\/core\/2019\/09\/27\/block-editor-theme-related-updates-in-wordpress-5-3\/\">REady? entre agora por aqui<\/a><\/div>\n<\/div><\/div>\n<\/div><\/div>\n","protected":false},"excerpt":{"rendered":"<p>O jeito mais f\u00e1cil de se comunicar com a gente \u00e9 pelo Insta galera.Abaixo tem todas as infos que voc\u00ea precisa!Para de procrastinar e Go Go Go! Use seu celular para alcan\u00e7ar seu objetivos Um aplicativo gr\u00e1tis que vai continuar assim pra sempre!<\/p>\n","protected":false},"author":1,"featured_media":0,"parent":0,"menu_order":0,"comment_status":"closed","ping_status":"closed","template":"","meta":[],"_links":{"self":[{"href":"https:\/\/gogogoyou.com.br\/index.php?rest_route=\/wp\/v2\/pages\/8"}],"collection":[{"href":"https:\/\/gogogoyou.com.br\/index.php?rest_route=\/wp\/v2\/pages"}],"about":[{"href":"https:\/\/gogogoyou.com.br\/index.php?rest_route=\/wp\/v2\/types\/page"}],"author":[{"embeddable":true,"href":"https:\/\/gogogoyou.com.br\/index.php?rest_route=\/wp\/v2\/users\/1"}],"replies":[{"embeddable":true,"href":"https:\/\/gogogoyou.com.br\/index.php?rest_route=%2Fwp%2Fv2%2Fcomments&post=8"}],"version-history":[{"count":4,"href":"https:\/\/gogogoyou.com.br\/index.php?rest_route=\/wp\/v2\/pages\/8\/revisions"}],"predecessor-version":[{"id":16,"href":"https:\/\/gogogoyou.com.br\/index.php?rest_route=\/wp\/v2\/pages\/8\/revisions\/16"}],"wp:attachment":[{"href":"https:\/\/gogogoyou.com.br\/index.php?rest_route=%2Fwp%2Fv2%2Fmedia&parent=8"}],"curies":[{"name":"wp","href":"https:\/\/api.w.org\/{rel}","templated":true}]}}