{"id":6,"date":"2020-11-18T01:32:41","date_gmt":"2020-11-18T04:32:41","guid":{"rendered":"http:\/\/gogogoyou.com.br\/?page_id=6"},"modified":"2021-03-12T09:26:14","modified_gmt":"2021-03-12T12:26:14","slug":"the-new-umoma-opens-its-doors-2","status":"publish","type":"page","link":"https:\/\/gogogoyou.com.br\/","title":{"rendered":"Explore Elevated Living"},"content":{"rendered":"\n<div class=\"wp-container-1 wp-block-group alignwide\"><div class=\"wp-block-group__inner-container\">\n<h2 class=\"has-text-align-center\">Experimente um mundo de possibilidades para elevar seu &#8220;way of life&#8221;. Explore, fa\u00e7a mais, se divirta e viva o seu melhor do jeito que voc\u00ea quiser&#8230; Ready? <br>GO GO GO!!!<\/h2>\n<\/div><\/div>\n\n\n\n<div class=\"wp-container-3 wp-block-group alignwide has-background\" style=\"background-color:#ffffff\"><div class=\"wp-block-group__inner-container\">\n<div class=\"wp-container-2 wp-block-group\"><div class=\"wp-block-group__inner-container\">\n<h2 class=\"has-text-align-center\"><span class=\"has-inline-color has-accent-color\">Use seu celular para alcan\u00e7ar seu objetivos<\/span><\/h2>\n\n\n\n<p class=\"has-text-align-center\"><span class=\"has-inline-color has-secondary-color\">Um aplicativo gr\u00e1tis que vai continuar assim pra sempre!<\/span><\/p>\n\n\n\n<div class=\"wp-block-button aligncenter\"><a class=\"wp-block-button__link\" href=\"https:\/\/make.wordpress.org\/core\/2019\/09\/27\/block-editor-theme-related-updates-in-wordpress-5-3\/\">REady? entre agora por aqui<\/a><\/div>\n<\/div><\/div>\n<\/div><\/div>\n\n\n\n<div class=\"wp-container-4 wp-block-group alignwide\"><div class=\"wp-block-group__inner-container\">\n<h5 class=\"has-text-align-center has-accent-color has-text-color\">\u201cA possibilidade de organizar suas tarefas de maneira simples e executar elas r\u00e1pido pode finalmente te dar o tempo para fazer aquilo que realmente importa para voc\u00ea. Para ter tempo de ser FODA!\u201d <br>Conte\u00fado para te motivar e elevar. <br>Continua rolando a pagina a\u00ed!!!<\/h5>\n<\/div><\/div>\n\n\n\n<div class=\"wp-block-columns alignwide\">\n<div class=\"wp-block-column\">\n<div class=\"wp-container-5 wp-block-group\"><div class=\"wp-block-group__inner-container\">\n<figure class=\"wp-block-image alignfull size-large is-style-default\"><img loading=\"lazy\" width=\"1024\" height=\"768\" src=\"http:\/\/gogogoyou.com.br\/wp-content\/uploads\/2021\/03\/DBanner1-1024x768.jpg\" alt=\"\" class=\"wp-image-67\" srcset=\"https:\/\/gogogoyou.com.br\/wp-content\/uploads\/2021\/03\/DBanner1-1024x768.jpg 1024w, https:\/\/gogogoyou.com.br\/wp-content\/uploads\/2021\/03\/DBanner1-300x225.jpg 300w, https:\/\/gogogoyou.com.br\/wp-content\/uploads\/2021\/03\/DBanner1-768x576.jpg 768w, https:\/\/gogogoyou.com.br\/wp-content\/uploads\/2021\/03\/DBanner1.jpg 1160w\" sizes=\"(max-width: 1024px) 100vw, 1024px\" \/><\/figure>\n\n\n\n<h3>Sempre pra frente, nem que seja 1% por dia.<\/h3>\n\n\n\n<p>17 de Nov 2020<\/p>\n\n\n\n<div class=\"wp-block-button is-style-outline\"><a class=\"wp-block-button__link\" href=\"http:\/\/gogogoyou.com.br\/?p=52\">Leia<\/a><\/div>\n\n\n\n<p><\/p>\n<\/div><\/div>\n\n\n\n<div class=\"wp-container-6 wp-block-group\"><div class=\"wp-block-group__inner-container\">\n<figure class=\"wp-block-image alignfull size-large\"><img loading=\"lazy\" width=\"1024\" height=\"768\" src=\"http:\/\/gogogoyou.com.br\/wp-content\/uploads\/2021\/03\/DBanner3-1024x768.jpg\" alt=\"\" class=\"wp-image-69\" srcset=\"https:\/\/gogogoyou.com.br\/wp-content\/uploads\/2021\/03\/DBanner3-1024x768.jpg 1024w, https:\/\/gogogoyou.com.br\/wp-content\/uploads\/2021\/03\/DBanner3-300x225.jpg 300w, https:\/\/gogogoyou.com.br\/wp-content\/uploads\/2021\/03\/DBanner3-768x576.jpg 768w, https:\/\/gogogoyou.com.br\/wp-content\/uploads\/2021\/03\/DBanner3.jpg 1160w\" sizes=\"(max-width: 1024px) 100vw, 1024px\" \/><\/figure>\n\n\n\n<h3>Um aplicativo para fazer seu tempo render<\/h3>\n\n\n\n<p>2 de Nov 2020<\/p>\n\n\n\n<div class=\"wp-block-button is-style-outline\"><a class=\"wp-block-button__link\" href=\"http:\/\/gogogoyou.com.br\/?p=52\">Leia<\/a><\/div>\n<\/div><\/div>\n<\/div>\n\n\n\n<div class=\"wp-block-column\">\n<div class=\"wp-container-7 wp-block-group\"><div class=\"wp-block-group__inner-container\">\n<figure class=\"wp-block-image alignfull size-large\"><img loading=\"lazy\" width=\"1024\" height=\"768\" src=\"http:\/\/gogogoyou.com.br\/wp-content\/uploads\/2021\/03\/DBanner2-1024x768.jpg\" alt=\"\" class=\"wp-image-68\" srcset=\"https:\/\/gogogoyou.com.br\/wp-content\/uploads\/2021\/03\/DBanner2-1024x768.jpg 1024w, https:\/\/gogogoyou.com.br\/wp-content\/uploads\/2021\/03\/DBanner2-300x225.jpg 300w, https:\/\/gogogoyou.com.br\/wp-content\/uploads\/2021\/03\/DBanner2-768x576.jpg 768w, https:\/\/gogogoyou.com.br\/wp-content\/uploads\/2021\/03\/DBanner2.jpg 1160w\" sizes=\"(max-width: 1024px) 100vw, 1024px\" \/><\/figure>\n\n\n\n<h3>The Life I Deserve<\/h3>\n\n\n\n<p>12 de Nov 2020<\/p>\n\n\n\n<div class=\"wp-block-button is-style-outline\"><a class=\"wp-block-button__link\" href=\"http:\/\/gogogoyou.com.br\/?p=52\">Leia<\/a><\/div>\n<\/div><\/div>\n\n\n\n<div class=\"wp-container-8 wp-block-group\"><div class=\"wp-block-group__inner-container\">\n<figure class=\"wp-block-image alignfull size-large\"><img loading=\"lazy\" width=\"1024\" height=\"768\" src=\"http:\/\/gogogoyou.com.br\/wp-content\/uploads\/2021\/03\/DBanner4-1024x768.jpg\" alt=\"\" class=\"wp-image-70\" srcset=\"https:\/\/gogogoyou.com.br\/wp-content\/uploads\/2021\/03\/DBanner4-1024x768.jpg 1024w, https:\/\/gogogoyou.com.br\/wp-content\/uploads\/2021\/03\/DBanner4-300x225.jpg 300w, https:\/\/gogogoyou.com.br\/wp-content\/uploads\/2021\/03\/DBanner4-768x576.jpg 768w, https:\/\/gogogoyou.com.br\/wp-content\/uploads\/2021\/03\/DBanner4.jpg 1160w\" sizes=\"(max-width: 1024px) 100vw, 1024px\" \/><\/figure>\n\n\n\n<h3>A possibilidade de uma vida com tempo de fazer aquilo que voc\u00ea realmente quer!<\/h3>\n\n\n\n<p>22 de Out 2020<\/p>\n\n\n\n<div class=\"wp-block-button is-style-outline\"><a class=\"wp-block-button__link\" href=\"http:\/\/gogogoyou.com.br\/?p=52\">LEia<\/a><\/div>\n<\/div><\/div>\n<\/div>\n<\/div>\n\n\n\n<figure class=\"wp-block-image alignfull size-large\"><img loading=\"lazy\" width=\"1024\" height=\"498\" src=\"http:\/\/gogogoyou.com.br\/wp-content\/uploads\/2021\/03\/MDBanner1-1024x498.jpg\" alt=\"\" class=\"wp-image-72\" srcset=\"https:\/\/gogogoyou.com.br\/wp-content\/uploads\/2021\/03\/MDBanner1-1024x498.jpg 1024w, https:\/\/gogogoyou.com.br\/wp-content\/uploads\/2021\/03\/MDBanner1-300x146.jpg 300w, https:\/\/gogogoyou.com.br\/wp-content\/uploads\/2021\/03\/MDBanner1-768x373.jpg 768w, https:\/\/gogogoyou.com.br\/wp-content\/uploads\/2021\/03\/MDBanner1-1536x747.jpg 1536w, https:\/\/gogogoyou.com.br\/wp-content\/uploads\/2021\/03\/MDBanner1-2048x996.jpg 2048w, https:\/\/gogogoyou.com.br\/wp-content\/uploads\/2021\/03\/MDBanner1-1200x583.jpg 1200w, https:\/\/gogogoyou.com.br\/wp-content\/uploads\/2021\/03\/MDBanner1-1980x963.jpg 1980w\" sizes=\"(max-width: 1024px) 100vw, 1024px\" \/><\/figure>\n\n\n\n<p class=\"has-drop-cap\">o esfor\u00e7o para movimentar algo que est\u00e1 parado \u00e9 muito superior a for\u00e7a que voc\u00ea precisa fazer para manter algo funcionando. Esse conceito da f\u00edsica \u00e9 o que nos motiva. Levar sua vida sempre em frente, todo santo dia para que voc\u00ea possa explorar uma vida realmente FODA. <\/p>\n\n\n\n<p>Por isso desenvolvemos todo dia produtos para te ajudar com a alcan\u00e7ar o seu 100%, a sua vida e rotina que voc\u00ea deseja, do jeito que voc\u00ea quer fazendo tudo que voc\u00ea sabe que precisa fazer e muito mais.<\/p>\n\n\n\n<p>Alcance seus objetivos, viva uma vida onde quem escolhe o seus objetivos \u00e9 s\u00f3 voc\u00ea. Explore elevated living.<\/p>\n\n\n\n<p><\/p>\n","protected":false},"excerpt":{"rendered":"<p>Experimente um mundo de possibilidades para elevar seu &#8220;way of life&#8221;. Explore, fa\u00e7a mais, se divirta e viva o seu melhor do jeito que voc\u00ea quiser&#8230; Ready? GO GO GO!!! Use seu celular para alcan\u00e7ar seu objetivos Um aplicativo gr\u00e1tis que vai continuar assim pra sempre! \u201cA possibilidade de organizar suas tarefas de maneira simples [&hellip;]<\/p>\n","protected":false},"author":1,"featured_media":76,"parent":0,"menu_order":0,"comment_status":"closed","ping_status":"closed","template":"","meta":[],"_links":{"self":[{"href":"https:\/\/gogogoyou.com.br\/index.php?rest_route=\/wp\/v2\/pages\/6"}],"collection":[{"href":"https:\/\/gogogoyou.com.br\/index.php?rest_route=\/wp\/v2\/pages"}],"about":[{"href":"https:\/\/gogogoyou.com.br\/index.php?rest_route=\/wp\/v2\/types\/page"}],"author":[{"embeddable":true,"href":"https:\/\/gogogoyou.com.br\/index.php?rest_route=\/wp\/v2\/users\/1"}],"replies":[{"embeddable":true,"href":"https:\/\/gogogoyou.com.br\/index.php?rest_route=%2Fwp%2Fv2%2Fcomments&post=6"}],"version-history":[{"count":14,"href":"https:\/\/gogogoyou.com.br\/index.php?rest_route=\/wp\/v2\/pages\/6\/revisions"}],"predecessor-version":[{"id":77,"href":"https:\/\/gogogoyou.com.br\/index.php?rest_route=\/wp\/v2\/pages\/6\/revisions\/77"}],"wp:featuredmedia":[{"embeddable":true,"href":"https:\/\/gogogoyou.com.br\/index.php?rest_route=\/wp\/v2\/media\/76"}],"wp:attachment":[{"href":"https:\/\/gogogoyou.com.br\/index.php?rest_route=%2Fwp%2Fv2%2Fmedia&parent=6"}],"curies":[{"name":"wp","href":"https:\/\/api.w.org\/{rel}","templated":true}]}}